{"id":314,"date":"2025-06-17T13:31:54","date_gmt":"2025-06-17T13:31:54","guid":{"rendered":"https:\/\/taurustrans.lt\/contact\/"},"modified":"2026-02-06T11:14:22","modified_gmt":"2026-02-06T11:14:22","slug":"kontaktai","status":"publish","type":"page","link":"https:\/\/taurustrans.lt\/en\/kontaktai\/","title":{"rendered":"Contact"},"content":{"rendered":"<div class=\"wp-block-uagb-container uagb-layout-flex uagb-block-21858358 default uagb-is-root-container\">\n<header class=\"wp-block-uagb-advanced-heading uagb-block-42a70fb3\"><h1 class=\"uagb-heading-text\">Contact Us<\/h1><div class=\"uagb-separator\"><\/div><\/header>\n\n\n\n<div class=\"wp-block-uagb-advanced-heading uagb-block-78dc323c\"><h3 class=\"uagb-heading-text\">Fill out the inquiry form, and we will soon provide a personalized offer tailored to your needs.<\/h3><\/div>\n<\/div>\n\n\n\n<div class=\"wp-block-uagb-container uagb-block-36455fe5 default uagb-is-root-container\">\n<div class=\"wp-block-uagb-advanced-heading uagb-block-98d97b2b\"><h2 class=\"uagb-heading-text\">Our Contacts<\/h2><div class=\"uagb-separator\"><\/div><\/div>\n\n\n\n<div class=\"wp-block-uagb-advanced-heading uagb-block-52521f8a\"><h5 class=\"uagb-heading-text\">Phone<\/h5><p class=\"uagb-desc-text\"><a href=\"tel:+37060461339\">+37060461339<\/a> ; <a href=\"tel:+37065409092\">+37065409092<\/a><\/p><\/div>\n\n\n\n<div class=\"wp-block-uagb-advanced-heading uagb-block-15bc16c5\"><h5 class=\"uagb-heading-text\">Email<\/h5><p class=\"uagb-desc-text\"><a href=\"mailto:info@taurustrans.lt\">info@taurustrans.lt<\/a><\/p><\/div>\n\n\n\n<div class=\"wp-block-uagb-advanced-heading uagb-block-00246809\"><h5 class=\"uagb-heading-text\">Address<\/h5><p class=\"uagb-desc-text\">Tilto g. 19-2, Raudondvaris. Kauno raj. LT-54136<\/p><\/div>\n<\/div>\n\n\n\n<div class=\"wp-block-uagb-container uagb-block-ec272fe6 default uagb-is-root-container\">\n<div class=\"wp-block-uagb-advanced-heading uagb-block-eef49c77\"><h3 class=\"uagb-heading-text\">Get a Quote<\/h3><div class=\"uagb-separator\"><\/div><\/div>\n\n\n\n<div class=\"wp-block-uagb-advanced-heading uagb-block-4c17465c\"><h6 class=\"uagb-heading-text\">Contact Us<\/h6><\/div>\n\n\n<style id=\"wpforms-css-vars-543\">\n\t\t\t\t#wpforms-543 {\n\t\t\t\t--wpforms-container-padding: 0px;\n--wpforms-container-border-width: 1px;\n--wpforms-container-border-radius: 3px;\n--wpforms-background-color: rgba(0, 0, 0, 0);\n--wpforms-field-size-input-height: 43px;\n--wpforms-field-size-input-spacing: 15px;\n--wpforms-field-size-font-size: 16px;\n--wpforms-field-size-line-height: 19px;\n--wpforms-field-size-padding-h: 14px;\n--wpforms-field-size-checkbox-size: 16px;\n--wpforms-field-size-sublabel-spacing: 5px;\n--wpforms-field-size-icon-size: 1;\n--wpforms-label-size-font-size: 16px;\n--wpforms-label-size-line-height: 19px;\n--wpforms-label-size-sublabel-font-size: 14px;\n--wpforms-label-size-sublabel-line-height: 17px;\n--wpforms-button-size-font-size: 17px;\n--wpforms-button-size-height: 41px;\n--wpforms-button-size-padding-h: 15px;\n--wpforms-button-size-margin-top: 10px;\n--wpforms-container-shadow-size-box-shadow: none;\n\t\t\t}\n\t\t\t<\/style><div class=\"wpforms-container wpforms-container-full wpforms-render-modern\" id=\"wpforms-543\"><form id=\"wpforms-form-543\" class=\"wpforms-validate wpforms-form wpforms-ajax-form\" data-formid=\"543\" method=\"post\" enctype=\"multipart\/form-data\" action=\"\/en\/wp-json\/wp\/v2\/pages\/314\" data-token=\"c42997967e827d0f10e057fb0c6888a4\" data-token-time=\"1775273246\" data-trp-original-action=\"\/en\/wp-json\/wp\/v2\/pages\/314\"><noscript class=\"wpforms-error-noscript\">Please enable JavaScript in your browser to complete this form.<\/noscript><div id=\"wpforms-error-noscript\" style=\"display: none;\">Please enable JavaScript in your browser to complete this form.<\/div><div class=\"wpforms-field-container\"><div id=\"wpforms-543-field_1-container\" class=\"wpforms-field wpforms-field-name\" data-field-id=\"1\"><label class=\"wpforms-field-label\" for=\"wpforms-543-field_1\">Name <span class=\"wpforms-required-label\" aria-hidden=\"true\">*<\/span><\/label><input type=\"text\" id=\"wpforms-543-field_1\" class=\"wpforms-field-medium wpforms-field-required\" name=\"wpforms[fields][1]\" aria-errormessage=\"wpforms-543-field_1-error\" required><\/div><div id=\"wpforms-543-field_2-container\" class=\"wpforms-field wpforms-field-email\" data-field-id=\"2\"><label class=\"wpforms-field-label\" for=\"wpforms-543-field_2\">Email <span class=\"wpforms-required-label\" aria-hidden=\"true\">*<\/span><\/label><input type=\"email\" id=\"wpforms-543-field_2\" class=\"wpforms-field-medium wpforms-field-required\" name=\"wpforms[fields][2]\" spellcheck=\"false\" aria-errormessage=\"wpforms-543-field_2-error\" required><\/div><div id=\"wpforms-543-field_3-container\" class=\"wpforms-field wpforms-field-text\" data-field-id=\"3\"><label class=\"wpforms-field-label\" for=\"wpforms-543-field_3\">Phone Number<\/label><input type=\"text\" id=\"wpforms-543-field_3\" class=\"wpforms-field-medium\" name=\"wpforms[fields][3]\" aria-errormessage=\"wpforms-543-field_3-error\" ><\/div><div id=\"wpforms-543-field_5-container\" class=\"wpforms-field wpforms-field-textarea\" data-field-id=\"5\"><label class=\"wpforms-field-label\" for=\"wpforms-543-field_5\">Message<\/label><textarea id=\"wpforms-543-field_5\" class=\"wpforms-field-medium\" name=\"wpforms[fields][5]\" aria-errormessage=\"wpforms-543-field_5-error\" ><\/textarea><\/div><\/div><!-- .wpforms-field-container --><div class=\"wpforms-recaptcha-container wpforms-is-recaptcha wpforms-is-recaptcha-type-v2\" ><div class=\"g-recaptcha\" data-sitekey=\"6Lewg2UrAAAAAGpFqwUotoLrw4TDR03_dmAEbkrS\"><\/div><input type=\"text\" name=\"g-recaptcha-hidden\" class=\"wpforms-recaptcha-hidden\" style=\"position:absolute!important;clip:rect(0,0,0,0)!important;height:1px!important;width:1px!important;border:0!important;overflow:hidden!important;padding:0!important;margin:0!important;\" data-rule-recaptcha=\"1\"><\/div><div class=\"wpforms-submit-container\" ><input type=\"hidden\" name=\"wpforms[id]\" value=\"543\"><input type=\"hidden\" name=\"page_title\" value=\"\"><input type=\"hidden\" name=\"page_url\" value=\"https:\/\/taurustrans.lt\/en\/wp-json\/wp\/v2\/pages\/314\"><input type=\"hidden\" name=\"url_referer\" value=\"\"><button type=\"submit\" name=\"wpforms[submit]\" id=\"wpforms-submit-543\" class=\"wpforms-submit\" data-alt-text=\"Siun\u010diama u\u017eklausa...\" data-submit-text=\"Si\u0173sti\" aria-live=\"assertive\" value=\"wpforms-submit\">Send<\/button><img decoding=\"async\" src=\"https:\/\/taurustrans.lt\/wp-content\/plugins\/wpforms-lite\/assets\/images\/submit-spin.svg\" class=\"wpforms-submit-spinner\" style=\"display: none;\" width=\"26\" height=\"26\" alt=\"Loading\"><\/div><input type=\"hidden\" name=\"trp-form-language\" value=\"en\"\/><\/form><\/div>  <!-- .wpforms-container -->\n\n\n\n<div class=\"wp-block-uagb-container uagb-block-16661569\">\t\t\t<div data-aos= \"zoom-in\" data-aos-duration=\"400\" data-aos-delay=\"0\" data-aos-easing=\"ease\" data-aos-once=\"true\" \n\t\t\tclass=\"wp-block-uagb-google-map uagb-google-map__wrap uagb-block-37b78e44\"\n\t\t\tstyle=\"\" >\n\t\t\t\t<embed\n\t\t\t\t\tclass=\"uagb-google-map__iframe\"\n\t\t\t\t\ttitle=\"Google Map for \"\n\t\t\t\t\tsrc=\"https:\/\/maps.google.com\/maps?q=tilto%2019%20Raudondvaris%20Kauno%20raj&#038;z=10&#038;hl=lt&#038;t=m&#038;output=embed&#038;iwloc=near\"\n\t\t\t\t\twidth=\"640\"\n\t\t\t\t\theight=\"553\"\n\t\t\t\t\tloading=\"lazy\"\n\t\t\t\t><\/embed>\n\t\t\t<\/div>\n\t\t\t<\/div>\n<\/div>\n\n\n\n<script type=\"application\/ld+json\">\n{\n  \"@context\": \"https:\/\/schema.org\",\n  \"@type\": \"Organization\",\n  \"name\": \"Taurustrans\",\n  \"url\": \"https:\/\/taurustrans.lt\",\n  \"logo\": \"https:\/\/taurustrans.lt\/wp-content\/uploads\/2025\/06\/logo.png\",\n  \"contactPoint\": {\n    \"@type\": \"ContactPoint\",\n    \"telephone\": \"+37060461339\",\n    \"contactType\": \"customer service\",\n    \"areaServed\": \"EU\",\n    \"availableLanguage\": [\"lt\", \"en\", \"de\", \"pl\"]\n  },\n  \"email\": \"info@taurustrans.lt\",\n  \"address\": {\n    \"@type\": \"PostalAddress\",\n    \"streetAddress\": \"Tilto g. 19\",\n    \"addressLocality\": \"Raudondvaris\",\n    \"addressRegion\": \"Kauno raj.\",\n    \"postalCode\": \"LT-54136\",\n    \"addressCountry\": \"LT\"\n  },\n  \"hasMap\": \"https:\/\/www.google.com\/maps\/place\/Tilto+g.+19,+Raudondvaris,+54136+Kauno+r.+sav.,+Lietuva\/@54.932044,23.788666,12z\"\n}\n<\/script>","protected":false},"excerpt":{"rendered":"<p>Susisiekite su mumis U\u017epildykite u\u017eklausos form\u0105 ir netrukus pateiksime individual\u0173 pasi\u016blym\u0105, atitinkant\u012f j\u016bs\u0173 poreikius M\u016bs\u0173 konaktai Telefonas +37060461339 ; +37065409092 [&hellip;]<\/p>","protected":false},"author":1,"featured_media":0,"parent":0,"menu_order":0,"comment_status":"closed","ping_status":"closed","template":"","meta":{"_uag_custom_page_level_css":"","site-sidebar-layout":"no-sidebar","site-content-layout":"page-builder","ast-site-content-layout":"full-width-container","site-content-style":"unboxed","site-sidebar-style":"unboxed","ast-global-header-display":"","ast-banner-title-visibility":"","ast-main-header-display":"","ast-hfb-above-header-display":"","ast-hfb-below-header-display":"","ast-hfb-mobile-header-display":"","site-post-title":"disabled","ast-breadcrumbs-content":"","ast-featured-img":"","footer-sml-layout":"","ast-disable-related-posts":"","theme-transparent-header-meta":"enabled","adv-header-id-meta":"","stick-header-meta":"","header-above-stick-meta":"","header-main-stick-meta":"","header-below-stick-meta":"","astra-migrate-meta-layouts":"set","ast-page-background-enabled":"default","ast-page-background-meta":{"desktop":{"background-color":"var(--ast-global-color-5)","background-image":"","background-repeat":"repeat","background-position":"center center","background-size":"auto","background-attachment":"scroll","background-type":"","background-media":"","overlay-type":"","overlay-color":"","overlay-opacity":"","overlay-gradient":""},"tablet":{"background-color":"","background-image":"","background-repeat":"repeat","background-position":"center center","background-size":"auto","background-attachment":"scroll","background-type":"","background-media":"","overlay-type":"","overlay-color":"","overlay-opacity":"","overlay-gradient":""},"mobile":{"background-color":"","background-image":"","background-repeat":"repeat","background-position":"center center","background-size":"auto","background-attachment":"scroll","background-type":"","background-media":"","overlay-type":"","overlay-color":"","overlay-opacity":"","overlay-gradient":""}},"ast-content-background-meta":{"desktop":{"background-color":"var(--ast-global-color-4)","background-image":"","background-repeat":"repeat","background-position":"center center","background-size":"auto","background-attachment":"scroll","background-type":"","background-media":"","overlay-type":"","overlay-color":"","overlay-opacity":"","overlay-gradient":""},"tablet":{"background-color":"var(--ast-global-color-4)","background-image":"","background-repeat":"repeat","background-position":"center center","background-size":"auto","background-attachment":"scroll","background-type":"","background-media":"","overlay-type":"","overlay-color":"","overlay-opacity":"","overlay-gradient":""},"mobile":{"background-color":"var(--ast-global-color-4)","background-image":"","background-repeat":"repeat","background-position":"center center","background-size":"auto","background-attachment":"scroll","background-type":"","background-media":"","overlay-type":"","overlay-color":"","overlay-opacity":"","overlay-gradient":""}},"footnotes":""},"class_list":["post-314","page","type-page","status-publish","hentry"],"yoast_head":"<!-- This site is optimized with the Yoast SEO plugin v26.9 - https:\/\/yoast.com\/product\/yoast-seo-wordpress\/ -->\n<title>Kontaktai \u2013 automobili\u0173 perve\u017eimo sprendimai Europoje | Taurustrans<\/title>\n<meta name=\"description\" content=\"Reikia patikimo automobili\u0173 transportavimo partnerio? Susisiekite su \u201eTaurustrans\u201c \u2013 atsakysime per 24 val. Dirbame visoje Europoje.\" \/>\n<meta name=\"robots\" content=\"index, follow, max-snippet:-1, max-image-preview:large, max-video-preview:-1\" \/>\n<link rel=\"canonical\" href=\"https:\/\/taurustrans.lt\/en\/kontaktai\/\" \/>\n<meta property=\"og:locale\" content=\"en_US\" \/>\n<meta property=\"og:type\" content=\"article\" \/>\n<meta property=\"og:title\" content=\"Kontaktai \u2013 automobili\u0173 perve\u017eimo sprendimai Europoje | Taurustrans\" \/>\n<meta property=\"og:description\" content=\"Reikia patikimo automobili\u0173 transportavimo partnerio? Susisiekite su \u201eTaurustrans\u201c \u2013 atsakysime per 24 val. Dirbame visoje Europoje.\" \/>\n<meta property=\"og:url\" content=\"https:\/\/taurustrans.lt\/en\/kontaktai\/\" \/>\n<meta property=\"article:publisher\" content=\"https:\/\/www.facebook.com\/people\/Taurustrans\/61578189322045\/\" \/>\n<meta property=\"article:modified_time\" content=\"2026-02-06T11:14:22+00:00\" \/>\n<meta property=\"og:image\" content=\"https:\/\/taurustrans.lt\/wp-content\/uploads\/2025\/07\/cropped-taurustrans_logo3-1.png\" \/>\n\t<meta property=\"og:image:width\" content=\"512\" \/>\n\t<meta property=\"og:image:height\" content=\"512\" \/>\n\t<meta property=\"og:image:type\" content=\"image\/png\" \/>\n<meta name=\"twitter:card\" content=\"summary_large_image\" \/>\n<meta name=\"twitter:label1\" content=\"Est. reading time\" \/>\n\t<meta name=\"twitter:data1\" content=\"1 minute\" \/>\n<script type=\"application\/ld+json\" class=\"yoast-schema-graph\">{\"@context\":\"https:\/\/schema.org\",\"@graph\":[{\"@type\":\"WebPage\",\"@id\":\"https:\/\/taurustrans.lt\/kontaktai\/\",\"url\":\"https:\/\/taurustrans.lt\/kontaktai\/\",\"name\":\"Kontaktai \u2013 automobili\u0173 perve\u017eimo sprendimai Europoje | Taurustrans\",\"isPartOf\":{\"@id\":\"https:\/\/taurustrans.lt\/#website\"},\"datePublished\":\"2025-06-17T13:31:54+00:00\",\"dateModified\":\"2026-02-06T11:14:22+00:00\",\"description\":\"Reikia patikimo automobili\u0173 transportavimo partnerio? Susisiekite su \u201eTaurustrans\u201c \u2013 atsakysime per 24 val. Dirbame visoje Europoje.\",\"breadcrumb\":{\"@id\":\"https:\/\/taurustrans.lt\/kontaktai\/#breadcrumb\"},\"inLanguage\":\"en-US\",\"potentialAction\":[{\"@type\":\"ReadAction\",\"target\":[\"https:\/\/taurustrans.lt\/kontaktai\/\"]}]},{\"@type\":\"BreadcrumbList\",\"@id\":\"https:\/\/taurustrans.lt\/kontaktai\/#breadcrumb\",\"itemListElement\":[{\"@type\":\"ListItem\",\"position\":1,\"name\":\"Home\",\"item\":\"https:\/\/taurustrans.lt\/\"},{\"@type\":\"ListItem\",\"position\":2,\"name\":\"Kontaktai\"}]},{\"@type\":\"WebSite\",\"@id\":\"https:\/\/taurustrans.lt\/#website\",\"url\":\"https:\/\/taurustrans.lt\/\",\"name\":\"taurustrans.lt\",\"description\":\"Transportavimo paslaugos\",\"publisher\":{\"@id\":\"https:\/\/taurustrans.lt\/#organization\"},\"potentialAction\":[{\"@type\":\"SearchAction\",\"target\":{\"@type\":\"EntryPoint\",\"urlTemplate\":\"https:\/\/taurustrans.lt\/?s={search_term_string}\"},\"query-input\":{\"@type\":\"PropertyValueSpecification\",\"valueRequired\":true,\"valueName\":\"search_term_string\"}}],\"inLanguage\":\"en-US\"},{\"@type\":\"Organization\",\"@id\":\"https:\/\/taurustrans.lt\/#organization\",\"name\":\"Taurustrans\",\"url\":\"https:\/\/taurustrans.lt\/\",\"logo\":{\"@type\":\"ImageObject\",\"inLanguage\":\"en-US\",\"@id\":\"https:\/\/taurustrans.lt\/#\/schema\/logo\/image\/\",\"url\":\"https:\/\/taurustrans.lt\/wp-content\/uploads\/2025\/07\/cropped-cropped-taurustrans_logo4.png\",\"contentUrl\":\"https:\/\/taurustrans.lt\/wp-content\/uploads\/2025\/07\/cropped-cropped-taurustrans_logo4.png\",\"width\":512,\"height\":512,\"caption\":\"Taurustrans\"},\"image\":{\"@id\":\"https:\/\/taurustrans.lt\/#\/schema\/logo\/image\/\"},\"sameAs\":[\"https:\/\/www.facebook.com\/people\/Taurustrans\/61578189322045\/\",\"https:\/\/www.linkedin.com\/company\/taurustrans\/\"]}]}<\/script>\n<!-- \/ Yoast SEO plugin. -->","yoast_head_json":{"title":"Kontaktai \u2013 automobili\u0173 perve\u017eimo sprendimai Europoje | Taurustrans","description":"Reikia patikimo automobili\u0173 transportavimo partnerio? Susisiekite su \u201eTaurustrans\u201c \u2013 atsakysime per 24 val. Dirbame visoje Europoje.","robots":{"index":"index","follow":"follow","max-snippet":"max-snippet:-1","max-image-preview":"max-image-preview:large","max-video-preview":"max-video-preview:-1"},"canonical":"https:\/\/taurustrans.lt\/en\/kontaktai\/","og_locale":"en_US","og_type":"article","og_title":"Kontaktai \u2013 automobili\u0173 perve\u017eimo sprendimai Europoje | Taurustrans","og_description":"Reikia patikimo automobili\u0173 transportavimo partnerio? Susisiekite su \u201eTaurustrans\u201c \u2013 atsakysime per 24 val. Dirbame visoje Europoje.","og_url":"https:\/\/taurustrans.lt\/en\/kontaktai\/","article_publisher":"https:\/\/www.facebook.com\/people\/Taurustrans\/61578189322045\/","article_modified_time":"2026-02-06T11:14:22+00:00","og_image":[{"width":512,"height":512,"url":"https:\/\/taurustrans.lt\/wp-content\/uploads\/2025\/07\/cropped-taurustrans_logo3-1.png","type":"image\/png"}],"twitter_card":"summary_large_image","twitter_misc":{"Est. reading time":"1 minute"},"schema":{"@context":"https:\/\/schema.org","@graph":[{"@type":"WebPage","@id":"https:\/\/taurustrans.lt\/kontaktai\/","url":"https:\/\/taurustrans.lt\/kontaktai\/","name":"Kontaktai \u2013 automobili\u0173 perve\u017eimo sprendimai Europoje | Taurustrans","isPartOf":{"@id":"https:\/\/taurustrans.lt\/#website"},"datePublished":"2025-06-17T13:31:54+00:00","dateModified":"2026-02-06T11:14:22+00:00","description":"Reikia patikimo automobili\u0173 transportavimo partnerio? Susisiekite su \u201eTaurustrans\u201c \u2013 atsakysime per 24 val. Dirbame visoje Europoje.","breadcrumb":{"@id":"https:\/\/taurustrans.lt\/kontaktai\/#breadcrumb"},"inLanguage":"en-US","potentialAction":[{"@type":"ReadAction","target":["https:\/\/taurustrans.lt\/kontaktai\/"]}]},{"@type":"BreadcrumbList","@id":"https:\/\/taurustrans.lt\/kontaktai\/#breadcrumb","itemListElement":[{"@type":"ListItem","position":1,"name":"Home","item":"https:\/\/taurustrans.lt\/"},{"@type":"ListItem","position":2,"name":"Kontaktai"}]},{"@type":"WebSite","@id":"https:\/\/taurustrans.lt\/#website","url":"https:\/\/taurustrans.lt\/","name":"taurustrans.lt","description":"Transportavimo paslaugos","publisher":{"@id":"https:\/\/taurustrans.lt\/#organization"},"potentialAction":[{"@type":"SearchAction","target":{"@type":"EntryPoint","urlTemplate":"https:\/\/taurustrans.lt\/?s={search_term_string}"},"query-input":{"@type":"PropertyValueSpecification","valueRequired":true,"valueName":"search_term_string"}}],"inLanguage":"en-US"},{"@type":"Organization","@id":"https:\/\/taurustrans.lt\/#organization","name":"Taurustrans","url":"https:\/\/taurustrans.lt\/","logo":{"@type":"ImageObject","inLanguage":"en-US","@id":"https:\/\/taurustrans.lt\/#\/schema\/logo\/image\/","url":"https:\/\/taurustrans.lt\/wp-content\/uploads\/2025\/07\/cropped-cropped-taurustrans_logo4.png","contentUrl":"https:\/\/taurustrans.lt\/wp-content\/uploads\/2025\/07\/cropped-cropped-taurustrans_logo4.png","width":512,"height":512,"caption":"Taurustrans"},"image":{"@id":"https:\/\/taurustrans.lt\/#\/schema\/logo\/image\/"},"sameAs":["https:\/\/www.facebook.com\/people\/Taurustrans\/61578189322045\/","https:\/\/www.linkedin.com\/company\/taurustrans\/"]}]}},"uagb_featured_image_src":{"full":false,"thumbnail":false,"medium":false,"medium_large":false,"large":false,"1536x1536":false,"2048x2048":false,"trp-custom-language-flag":false},"uagb_author_info":{"display_name":"Taurustrans","author_link":"https:\/\/taurustrans.lt\/en\/author\/jazzilinskasgmail-com\/"},"uagb_comment_info":0,"uagb_excerpt":"Susisiekite su mumis U\u017epildykite u\u017eklausos form\u0105 ir netrukus pateiksime individual\u0173 pasi\u016blym\u0105, atitinkant\u012f j\u016bs\u0173 poreikius M\u016bs\u0173 konaktai Telefonas +37060461339 ; +37065409092 [&hellip;]","_links":{"self":[{"href":"https:\/\/taurustrans.lt\/en\/wp-json\/wp\/v2\/pages\/314","targetHints":{"allow":["GET"]}}],"collection":[{"href":"https:\/\/taurustrans.lt\/en\/wp-json\/wp\/v2\/pages"}],"about":[{"href":"https:\/\/taurustrans.lt\/en\/wp-json\/wp\/v2\/types\/page"}],"author":[{"embeddable":true,"href":"https:\/\/taurustrans.lt\/en\/wp-json\/wp\/v2\/users\/1"}],"replies":[{"embeddable":true,"href":"https:\/\/taurustrans.lt\/en\/wp-json\/wp\/v2\/comments?post=314"}],"version-history":[{"count":118,"href":"https:\/\/taurustrans.lt\/en\/wp-json\/wp\/v2\/pages\/314\/revisions"}],"predecessor-version":[{"id":1414,"href":"https:\/\/taurustrans.lt\/en\/wp-json\/wp\/v2\/pages\/314\/revisions\/1414"}],"wp:attachment":[{"href":"https:\/\/taurustrans.lt\/en\/wp-json\/wp\/v2\/media?parent=314"}],"curies":[{"name":"wp","href":"https:\/\/api.w.org\/{rel}","templated":true}]}}